{"id":212,"date":"2021-11-25T15:04:53","date_gmt":"2021-11-25T15:04:53","guid":{"rendered":"https:\/\/kavalkade.de\/blog\/?page_id=212"},"modified":"2024-06-20T08:34:55","modified_gmt":"2024-06-20T08:34:55","slug":"unternehmen","status":"publish","type":"page","link":"https:\/\/kavalkade.de\/blog\/unternehmen\/","title":{"rendered":"Das Unternehmen"},"content":{"rendered":"\n<div class=\"wp-block-group is-style-horse-left is-layout-flow wp-block-group-is-layout-flow\"><div class=\"wp-block-group__inner-container\">\n<div class=\"wp-block-columns is-style-narrow is-layout-flex wp-container-core-columns-is-layout-28f84493 wp-block-columns-is-layout-flex\">\n<div class=\"wp-block-column is-layout-flow wp-block-column-is-layout-flow\">\n<div style=\"height:100px\" aria-hidden=\"true\" class=\"wp-block-spacer\"><\/div>\n\n\n\n<h2 class=\"wp-block-heading\">Tradition und Erfahrung<\/h2>\n\n\n\n<p>KAVALKADE ist ein Familienunternehmen mit starken Wurzeln: Seit 1932 bleiben wir unserem Standort, der Pferdestadt Warendorf, treu. Hier ist unser zentrales Standbein, wo wir gemeinsam als Team unsere Produkte entwickeln, testen und kontrollieren.<\/p>\n\n\n\n<p>Tradition ist, auch nach \u00fcber 80 Jahren noch das Gleiche zu wollen: dem Pferd und Reiter das Beste geben zu k\u00f6nnen. Und da wir die Zeit aktiv genutzt haben, die W\u00fcnsche unserer Pferde zu ergr\u00fcnden, steht der Name KAVALKADE mittlerweile f\u00fcr ein umfassendes Angebot f\u00fcr Qualit\u00e4t, Funktionalit\u00e4t und optimaler Passform.<\/p>\n<\/div>\n<\/div>\n<\/div><\/div>\n\n\n\n<div class=\"wp-block-group has-primary-800-background-color has-background is-layout-constrained wp-block-group-is-layout-constrained\"><div class=\"wp-block-group__inner-container\">\n<h2 class=\"wp-block-heading\">Unsere Werte<\/h2>\n\n\n\n<section class=\"wp-block-gd-accordion-block\">\n<details class=\"wp-block-gd-accordion-item-block\"><summary class=\"wp-block-gd-accordion-block__title\">Tragekomfort: <strong>Wohlf\u00fchlfaktor f\u00fcr alle<\/strong><\/summary>\n<p>Es ist uns wichtig, dass sich sowohl Reiterinnen und Reiter als auch deren Pferde wohlf\u00fchlen. Ob Softleder, hochwertiges Lammfell oder optimierte Schnitte von Produkten, Tragekomfort und Alltagstauglichkeit stehen f\u00fcr uns ganz oben. Wir bringen innovative und angenehm zu tragende Produkte auf den Markt, wie z. B. Gurte mit dem Casper Schnitt oder verschiedene Genickst\u00fccke f\u00fcr Trensen. Dabei werden neue Formen an die Anatomie des Pferdes immer weiter angepasst und verfeinert.<\/p>\n<\/details>\n\n\n\n<details class=\"wp-block-gd-accordion-item-block\"><summary class=\"wp-block-gd-accordion-block__title\">Langlebigkeit: <strong>Weil uns Qualit\u00e4t wichtig ist<\/strong><\/summary>\n<p>Wir achten auf die Verwendung langlebiger Materialien und eine hochwertige Verarbeitung. Dabei denken wir bei jedem Produkt genau dar\u00fcber nach, f\u00fcr welchen Zweck es verwendet wird und wo Schwachstellen entstehen k\u00f6nnten. So lernen wir, welche Materialien am stabilsten sind und wo wir im Verabeitungsprozess eines Produktes genau hinsehen m\u00fcssen. Ob im professionellen Reitsport oder im Freizeitbereich, wir m\u00f6chten allen Reiterinnen und Reitern das passende Produkt anbieten.<\/p>\n<\/details>\n\n\n\n<details class=\"wp-block-gd-accordion-item-block\"><summary class=\"wp-block-gd-accordion-block__title\">Funktionalit\u00e4t: <strong>Produkte mit dem besten Nutzen<\/strong><\/summary>\n<p>Wir achten auf Perfektion. Daher wissen wir, dass es bei der Funktionalit\u00e4t von Produkten auf die Details ankommt. Wir lassen unsere ganze Erfahrung in die Produktentwicklung einflie\u00dfen, um Reiterinnen und Reiter und die Pferde in ihrer Leistung zu unterst\u00fctzen. Dabei spielen Bewegungsabl\u00e4ufe, Verhalten und die Anatomie eine entscheidende Rolle. Damit ein Produkt auf h\u00f6chster sportlicher Ebene funktioniert, testen wir es auf Herz und Nieren. Die Profisicht beziehen wir dabei genauso mit ein wie die von Freizeitreiterinnen und\u00a0 &#8211; reitern.<\/p>\n<\/details>\n\n\n\n<details class=\"wp-block-gd-accordion-item-block\"><summary class=\"wp-block-gd-accordion-block__title\">Nachhaltigkeit: <strong>Daf\u00fcr engagieren wir uns<\/strong><\/summary>\n<p>Ma\u00dfnahmen zu mehr Nachhaltigkeit setzten wir ganz konkret um, indem wir bewusst und sparsam wirtschaften und konsumieren. Damit leisten wir au\u00dferdem einen Beitrag zur Erf\u00fcllung der Sustainable Development Goals der Vereinten Nationen. Denn f\u00fcr die Erreichung der SDGs ist entscheidend, wie jede und jeder einzelne von uns sich verh\u00e4lt.<\/p>\n<\/details>\n\n\n\n<details class=\"wp-block-gd-accordion-item-block\"><summary class=\"wp-block-gd-accordion-block__title\">Optimale Passform: <strong>Weil jedes Pferd einzigartig ist<\/strong><\/summary>\n<p>Jedes Pferd besitzt seine ganz eigene Anatomie. Dabei ist ein Standardma\u00df kaum m\u00f6glich, um allen Pferden gerecht zu werden. Aber wir sind nahe dran. Unsere Passformen hinterfragen und verbessern wir st\u00e4ndig. Auch hier streben wir nach Perfektion und wollen durch eine ideale Passform das Pferd in seinen Bewegungen unterst\u00fctzen und ihm den n\u00f6tigen Freiraum bieten.<\/p>\n<\/details>\n\n\n\n<details class=\"wp-block-gd-accordion-item-block\"><summary class=\"wp-block-gd-accordion-block__title\">Mehr als nur ein Produkt: <strong>Wir handeln aus \u00dcberzeugung<\/strong><\/summary>\n<p>Hinter jedem Produkt, jedem Branding und jeder Veranstaltung steht ein unglaubliches Team. Wir leben unseren Beruf und sind \u00fcberzeugt, dass mit viel Passion, Motivation und auch ein wenig Geduld Meisterleistungen vollbracht werden k\u00f6nnen. Wir sind ein Team und denken an die Zukunft. Nachhaltigkeit leben wir nicht aus Pflichtgef\u00fchl, sondern um unseren Kindern eine lebenswerte Zukunft zu erm\u00f6glichen. Wir entwickeln gerne das Produkt \u201eeierlegende Wollmilchsau\u201c und stellen uns der Herausforderung. Dabei unterst\u00fctzen wir uns untereinander und stehen f\u00fcreinander ein, auch in stressigen Phasen. Denn letztendlich macht der Spa\u00df im Job das Leben einfach sch\u00f6ner.<\/p>\n<\/details>\n\n\n\n<details class=\"wp-block-gd-accordion-item-block\"><summary class=\"wp-block-gd-accordion-block__title\">Preis und Leistung m\u00fcssen stimmen: <strong>Wir sind auf dem Boden geblieben<\/strong><\/summary>\n<p>Wir verstehen, dass der Preis eines Produktes f\u00fcr viele Menschen ein Kriterium beim Kauf ist. Unsere Kunden sollen keine Einbu\u00dfen bei der Qualit\u00e4t erleben, daf\u00fcr verzichten wir auf \u00fcberh\u00f6hte Gewinne. Wir haben uns klar dazu bekannt, Produkte im mittleren Preissegment anzubieten, ohne Abstriche bei Komfort und Funktionalit\u00e4t zu machen.<\/p>\n<\/details>\n\n\n\n<details class=\"wp-block-gd-accordion-item-block\"><summary class=\"wp-block-gd-accordion-block__title\">Von Profis f\u00fcr Profis: <strong>Perfektion mit Expertise<\/strong><\/summary>\n<p>Warendorf ist die Pferdestadt Deutschlands. Hier reiten die besten Reiterinnen und Reiter der Welt und haben ihre St\u00e4lle direkt vor Ort. Wir arbeiten mit Menschen, die von Berufs wegen reiten und tagt\u00e4glich mit den Produkten in Kontakt sind und mit Fachleuten, die sich in der Anatomie der Pferde und und in puncto Materialien bestens auskennen. Wir wissen, dass wir nicht alles wissen und profitieren gerne von den Erfahrungen und dem Wissen anderer, um unsere Produkte so hochwertig wie m\u00f6glich zu entwickeln<\/p>\n<\/details>\n\n\n\n<details class=\"wp-block-gd-accordion-item-block\"><summary class=\"wp-block-gd-accordion-block__title\">Perfektion in jedem Detail: <strong>Denn das macht das Leben sch\u00f6ner<\/strong><\/summary>\n<p>Wir lieben jedes Detail an einem Produkt. Ein Produkt muss in unseren Augen vor allem alltagstauglich sein. Das bedeutet, es soll in der Anwendung Zeit sparen und so multifunktional wie m\u00f6glich in seiner Nutzung sein. Dabei achten wir auch auf Kleinigkeiten. Ob angeschr\u00e4gter Kehlriemen, ovale L\u00f6cher, oder das Hinterfragen sicherheitsrelevanter Bereiche: wir reiten selbst mit Leidenschaft und wissen, worauf es ankommt.<\/p>\n<\/details>\n\n\n\n<details class=\"wp-block-gd-accordion-item-block\"><summary class=\"wp-block-gd-accordion-block__title\">Erfahrung seit 1932: <strong>Wissen und Modernit\u00e4t kombinieren<\/strong><\/summary>\n<p>Tradition hei\u00dft nicht, verstaubt zu sein. Wir b\u00fcndeln in unserem Team eine Menge Wissen und Erfahrung, sie sich \u00fcber Jahre angesammelt haben! Kavalkade geh\u00f6rt zu den \u00e4ltesten Reitsportmarken Deutschlands und wir wissen, was wir tun, weil wir schon seit 1932 im Gesch\u00e4ft sind und in der Produktion unseren eigenen Standard entwickelt haben. Nat\u00fcrlich achten wir dabei auf die neusten Entwicklungen. Die Bed\u00fcrfnisse von Reiterinnen und Reitern in Bezug auf ihre Pferde ver\u00e4ndern sich. Durch unsere starke Community, vetreten im Profi-Reitsport und in der Zucht, stehen wir mitten im Prozess.<\/p>\n<\/details>\n\n\n\n<details class=\"wp-block-gd-accordion-item-block\"><summary class=\"wp-block-gd-accordion-block__title\">Bodenst\u00e4ndig und nahbar: <strong>Abheben k\u00f6nnen andere<\/strong><\/summary>\n<p>Unser Team ist am Boden geblieben. Jede und jeder darf mitwirken und die Marke mitgestalten. Durch flache Hierarchien und agiles Arbeiten sind wir super motiviert und immer im Austausch mit dem Handel, Kunden und unseren Testreiterinnen und -reitern. Uns darf man einfach anrufen, schreiben oder auf Messen ansprechen \u2013 wir gehen gerne auf einer ganz pers\u00f6nlichen Ebene in den Austausch. Vielleicht bekommt ihr ja per Zufall die Gesch\u00e4ftsf\u00fchrerin ans Telefon.<\/p>\n<\/details>\n\n\n\n<details class=\"wp-block-gd-accordion-item-block\"><summary class=\"wp-block-gd-accordion-block__title\">Kritikf\u00e4hig und offen: <strong>Perfektion ist subjektiv<\/strong><\/summary>\n<p>Auch wir sind nicht perfekt oder sehen alles. F\u00fcr Anregungen oder Vorschl\u00e4ge zur Verbesserung von Produkten haben wir immer ein offenes Ohr. Denn diese helfen uns, unsere Produkte stetig zu verbessern.<\/p>\n<\/details>\n<\/section>\n<\/div><\/div>\n","protected":false},"excerpt":{"rendered":"<p>Tradition und Erfahrung KAVALKADE ist ein Familienunternehmen mit starken Wurzeln: Seit 1932 bleiben wir unserem Standort, der Pferdestadt Warendorf, treu. Hier ist unser zentrales Standbein, &#8230;<\/p>\n","protected":false},"author":2,"featured_media":290,"parent":0,"menu_order":0,"comment_status":"closed","ping_status":"closed","template":"","meta":{"_acf_changed":false,"_seopress_robots_primary_cat":"","_seopress_titles_title":"","_seopress_titles_desc":"","_seopress_robots_index":"","inline_featured_image":false,"footnotes":""},"class_list":["post-212","page","type-page","status-publish","has-post-thumbnail","hentry"],"acf":[],"_links":{"self":[{"href":"https:\/\/kavalkade.de\/blog\/wp-json\/wp\/v2\/pages\/212","targetHints":{"allow":["GET"]}}],"collection":[{"href":"https:\/\/kavalkade.de\/blog\/wp-json\/wp\/v2\/pages"}],"about":[{"href":"https:\/\/kavalkade.de\/blog\/wp-json\/wp\/v2\/types\/page"}],"author":[{"embeddable":true,"href":"https:\/\/kavalkade.de\/blog\/wp-json\/wp\/v2\/users\/2"}],"replies":[{"embeddable":true,"href":"https:\/\/kavalkade.de\/blog\/wp-json\/wp\/v2\/comments?post=212"}],"version-history":[{"count":23,"href":"https:\/\/kavalkade.de\/blog\/wp-json\/wp\/v2\/pages\/212\/revisions"}],"predecessor-version":[{"id":1465,"href":"https:\/\/kavalkade.de\/blog\/wp-json\/wp\/v2\/pages\/212\/revisions\/1465"}],"wp:featuredmedia":[{"embeddable":true,"href":"https:\/\/kavalkade.de\/blog\/wp-json\/wp\/v2\/media\/290"}],"wp:attachment":[{"href":"https:\/\/kavalkade.de\/blog\/wp-json\/wp\/v2\/media?parent=212"}],"curies":[{"name":"wp","href":"https:\/\/api.w.org\/{rel}","templated":true}]}}