{"id":234,"date":"2021-11-25T16:36:00","date_gmt":"2021-11-25T16:36:00","guid":{"rendered":"https:\/\/kavalkade.de\/blog\/?page_id=234"},"modified":"2026-02-25T10:11:18","modified_gmt":"2026-02-25T10:11:18","slug":"unsere-partner","status":"publish","type":"page","link":"https:\/\/kavalkade.de\/blog\/unsere-partner\/","title":{"rendered":"Unsere Partner"},"content":{"rendered":"\n<div class=\"wp-block-group is-layout-constrained wp-block-group-is-layout-constrained\"><div class=\"wp-block-group__inner-container\">\n<div class=\"wp-block-columns is-layout-flex wp-container-core-columns-is-layout-28f84493 wp-block-columns-is-layout-flex\">\n<div class=\"wp-block-column is-layout-flow wp-block-column-is-layout-flow\">\n<h3 class=\"wp-block-heading\" id=\"robine\">J\u00e9r\u00f4me Robin\u00e9<\/h3>\n\n\n\n<p class=\"has-small-font-size\">J\u00e9r\u00f4me ist ein erfolgreicher deutscher Vielseitigkeitsreiter, Sportsoldat und Ausbilder. Als mehrfacher Medaillengewinner bei Nachwuchs-Europameisterschaften und erfahrener Teilnehmer an internationalen Pr\u00fcfungen bis zur 5*-Ebene hat er sich fest in der Spitze des Vielseitigkeitssports etabliert. Seine Kompetenz reicht von der F\u00f6rderung junger Pferde bis hin zum souver\u00e4nen Einsatz auf h\u00f6chstem Niveau.<\/p>\n\n\n\n<p class=\"has-small-font-size\">2023 wurde J\u00e9r\u00f4me f\u00fcr die Europameisterschaften in Le Pin-au-Haras nominiert und konnte dort mit einem beeindruckenden siebten Platz in der Einzelwertung auf sich aufmerksam machen. Zudem sammelte er wertvolle Erfahrungen bei seinem Start beim renommierten CCI5*-Turnier in Badminton \u2013 einem der bedeutendsten Vielseitigkeitsevents weltweit.<\/p>\n\n\n\n<p class=\"has-small-font-size\">Seit Anfang 2025 unterst\u00fctzt J\u00e9r\u00f4me Robin\u00e9 den Nachwuchs-Bundestrainer Andreas Dibowski in der Arbeit mit der Altersklasse U25 und der Perspektivgruppe.<\/p>\n\n\n\n<p class=\"has-small-font-size\">Als engagierter Trainer gibt J\u00e9r\u00f4me sein Wissen mit Leidenschaft an den Nachwuchs weiter. Auch in der Zusammenarbeit mit uns ist er ein unverzichtbarer Partner: Wir sch\u00e4tzen seine fundierte Expertise, profitieren von seinem ehrlichen Feedback bei der Produktentwicklung und vertrauen auf seine praxisnahen Produkttests im t\u00e4glichen Einsatz.<\/p>\n<\/div>\n\n\n\n<div class=\"wp-block-column is-layout-flow wp-block-column-is-layout-flow\">\n<figure class=\"wp-block-image alignright size-large\"><img loading=\"lazy\" decoding=\"async\" width=\"1024\" height=\"683\" src=\"https:\/\/www.kavalkade.de\/blog\/app\/uploads\/2024\/08\/corajennissen_20240521_Kavalkade_0063-Edit-1024x683.jpg\" alt=\"\" class=\"wp-image-1609\" srcset=\"https:\/\/kavalkade.de\/blog\/app\/uploads\/2024\/08\/corajennissen_20240521_Kavalkade_0063-Edit-1024x683.jpg 1024w, https:\/\/kavalkade.de\/blog\/app\/uploads\/2024\/08\/corajennissen_20240521_Kavalkade_0063-Edit-300x200.jpg 300w, https:\/\/kavalkade.de\/blog\/app\/uploads\/2024\/08\/corajennissen_20240521_Kavalkade_0063-Edit-768x512.jpg 768w, https:\/\/kavalkade.de\/blog\/app\/uploads\/2024\/08\/corajennissen_20240521_Kavalkade_0063-Edit-1536x1024.jpg 1536w, https:\/\/kavalkade.de\/blog\/app\/uploads\/2024\/08\/corajennissen_20240521_Kavalkade_0063-Edit-2048x1366.jpg 2048w, https:\/\/kavalkade.de\/blog\/app\/uploads\/2024\/08\/corajennissen_20240521_Kavalkade_0063-Edit-750x500.jpg 750w\" sizes=\"auto, (max-width: 1024px) 100vw, 1024px\" \/><\/figure>\n<\/div>\n<\/div>\n<\/div><\/div>\n\n\n\n<div class=\"wp-block-group is-layout-constrained wp-block-group-is-layout-constrained\"><div class=\"wp-block-group__inner-container\">\n<div class=\"wp-block-columns is-layout-flex wp-container-core-columns-is-layout-28f84493 wp-block-columns-is-layout-flex\">\n<div class=\"wp-block-column is-layout-flow wp-block-column-is-layout-flow\" style=\"flex-basis:50%\">\n<figure class=\"wp-block-image size-large\"><img loading=\"lazy\" decoding=\"async\" width=\"1024\" height=\"627\" src=\"https:\/\/kavalkade.de\/blog\/app\/uploads\/2021\/11\/Partner-Lara-Weber-1024x627.jpg\" alt=\"\" class=\"wp-image-298\" srcset=\"https:\/\/kavalkade.de\/blog\/app\/uploads\/2021\/11\/Partner-Lara-Weber-1024x627.jpg 1024w, https:\/\/kavalkade.de\/blog\/app\/uploads\/2021\/11\/Partner-Lara-Weber-300x184.jpg 300w, https:\/\/kavalkade.de\/blog\/app\/uploads\/2021\/11\/Partner-Lara-Weber-768x470.jpg 768w, https:\/\/kavalkade.de\/blog\/app\/uploads\/2021\/11\/Partner-Lara-Weber-800x490.jpg 800w, https:\/\/kavalkade.de\/blog\/app\/uploads\/2021\/11\/Partner-Lara-Weber.jpg 1200w\" sizes=\"auto, (max-width: 1024px) 100vw, 1024px\" \/><\/figure>\n<\/div>\n\n\n\n<div class=\"wp-block-column has-white-color has-text-color has-link-color wp-elements-e52bc3c3982e9ff57713aa6450226903 is-layout-flow wp-block-column-is-layout-flow\" style=\"flex-basis:50%\">\n<h3 class=\"wp-block-heading\" id=\"weber\" style=\"padding-top:0;padding-bottom:0\">Lara Weber<\/h3>\n\n\n\n<p class=\"has-small-font-size\">Seit 2016 ist Lara als Sportsoldatin an der Sportschule der Bundeswehr in Warendorf stationiert, im gleichen Jahr jubelte sie \u00fcber den 2. Platz im Gro\u00dfen Preis (S***) des Salutfestivals in Aachen mit Chocolate Daisy und damit \u00fcber den dritten Rang in der Gesamtwertung des deutschen Hallenchampionats.<\/p>\n\n\n\n<p class=\"has-small-font-size\">2017 gewann sie die Silbermedaille bei den Westf\u00e4lischen Meisterschaften der Jungen Reiter, feierte mit Christdorn ihren bisher gr\u00f6\u00dften Erfolg und wurde im gleichen Jahr auch in die Perspektivgruppe Springen aufgenommen.<\/p>\n\n\n\n<p class=\"has-small-font-size\">In ihrem ersten Jahr im \u201eSenioren\u201c &#8211; Lager 2019 wurde Lara direkt Westf\u00e4lische Meisterin und erhielt ihr Goldenes Reitabzeichen. Beim K+K Cup Anfang 2020 platzierte sie sich beim S**** Springen mit ihrem Top Pferd Bien Aimee de la Lionne.<\/p>\n<\/div>\n<\/div>\n<\/div><\/div>\n\n\n\n<div class=\"wp-block-group has-primary-800-background-color has-background is-layout-flow wp-block-group-is-layout-flow\"><div class=\"wp-block-group__inner-container\">\n\n<div class=\"wp-block-columns is-layout-flex wp-container-core-columns-is-layout-28f84493 wp-block-columns-is-layout-flex\">\n\n<div class=\"wp-block-column is-layout-flow wp-block-column-is-layout-flow\">\n\n<h3 class=\"wp-block-heading\">Libussa L\u00fcbbeke<\/h3>\n\n\n<p class=\"has-small-font-size\">Libussa ist eine erfolgreiche deutsche Vielseitigkeitsreiterin, die bereits fr\u00fch ihre Leidenschaft f\u00fcr den Reitsport entdeckte und schon in jungen Jahren tolle reiterliche Erfolge feiern durfte. 2016 gewann sie mit der deutschen Mannschaft die Goldmedaille bei den Europameisterschaften der Pony-Vielseitigkeitsreiter.<\/p>\n\n\n<p class=\"has-small-font-size\">Nach ihrem Wechsel zu den Gro\u00dfpferden setzte sie ihre Erfolgsgeschichte fort: 2020 holte sie Bronze bei den Deutschen Jugendmeisterschaften und wurde Dritte beim U25-F\u00f6rderpreis in Strzegom. 2023 nahm sie mit ihrer selbstgezogenen Stute Caramia am renommierten CHIO Aachen teil. F\u00fcr ihre herausragenden sportlichen Leistungen wurde sie 2024 mit dem Goldenen Reitabzeichen ausgezeichnet.<\/p>\n\n\n<p class=\"has-small-font-size\">Heute lebt und trainiert Libussa L\u00fcbbeke als Sportsoldatin der Bundeswehr in Warendorf und geh\u00f6rt zu den vielversprechendsten Talenten im deutschen Vielseitigkeitssport.<\/p>\n\n<\/div>\n\n\n<div class=\"wp-block-column is-layout-flow wp-block-column-is-layout-flow\">\n\n<figure class=\"wp-block-image aligncenter size-large is-resized\"><img loading=\"lazy\" decoding=\"async\" width=\"683\" height=\"1024\" src=\"https:\/\/www.kavalkade.de\/blog\/app\/uploads\/2025\/09\/DSC02853-2-683x1024.jpg\" alt=\"\" class=\"wp-image-2828\" style=\"width:425px;height:auto\" srcset=\"https:\/\/kavalkade.de\/blog\/app\/uploads\/2025\/09\/DSC02853-2-683x1024.jpg 683w, https:\/\/kavalkade.de\/blog\/app\/uploads\/2025\/09\/DSC02853-2-200x300.jpg 200w, https:\/\/kavalkade.de\/blog\/app\/uploads\/2025\/09\/DSC02853-2-768x1152.jpg 768w, https:\/\/kavalkade.de\/blog\/app\/uploads\/2025\/09\/DSC02853-2-1024x1536.jpg 1024w, https:\/\/kavalkade.de\/blog\/app\/uploads\/2025\/09\/DSC02853-2-1365x2048.jpg 1365w, https:\/\/kavalkade.de\/blog\/app\/uploads\/2025\/09\/DSC02853-2-333x500.jpg 333w, https:\/\/kavalkade.de\/blog\/app\/uploads\/2025\/09\/DSC02853-2-scaled.jpg 1707w\" sizes=\"auto, (max-width: 683px) 100vw, 683px\" \/><\/figure>\n\n<\/div>\n\n<\/div>\n\n<\/div><\/div>\n\n\n\n<div class=\"wp-block-group is-layout-constrained wp-block-group-is-layout-constrained\"><div class=\"wp-block-group__inner-container\">\n<div class=\"wp-block-columns is-layout-flex wp-container-core-columns-is-layout-28f84493 wp-block-columns-is-layout-flex\">\n<div class=\"wp-block-column is-layout-flow wp-block-column-is-layout-flow\">\n<figure class=\"wp-block-image size-large is-resized\"><img loading=\"lazy\" decoding=\"async\" width=\"1024\" height=\"924\" src=\"https:\/\/www.kavalkade.de\/blog\/app\/uploads\/2024\/11\/192A3981-1-1024x924.jpg\" alt=\"\" class=\"wp-image-1882\" style=\"width:460px;height:auto\" srcset=\"https:\/\/kavalkade.de\/blog\/app\/uploads\/2024\/11\/192A3981-1-1024x924.jpg 1024w, https:\/\/kavalkade.de\/blog\/app\/uploads\/2024\/11\/192A3981-1-300x271.jpg 300w, https:\/\/kavalkade.de\/blog\/app\/uploads\/2024\/11\/192A3981-1-768x693.jpg 768w, https:\/\/kavalkade.de\/blog\/app\/uploads\/2024\/11\/192A3981-1-1536x1385.jpg 1536w, https:\/\/kavalkade.de\/blog\/app\/uploads\/2024\/11\/192A3981-1-554x500.jpg 554w, https:\/\/kavalkade.de\/blog\/app\/uploads\/2024\/11\/192A3981-1.jpg 2048w\" sizes=\"auto, (max-width: 1024px) 100vw, 1024px\" \/><\/figure>\n<\/div>\n\n\n\n<div class=\"wp-block-column is-layout-flow wp-block-column-is-layout-flow\">\n<h3 class=\"wp-block-heading\">Alina Schrader<\/h3>\n\n\n\n<p class=\"has-small-font-size\">Die geb\u00fcrtige Hamburgerin Alina reitet schon fast ihr ganzes Leben lang und ist durch ihre Pferdebegeisterte Mutter auch beim Reitsport verblieben. <\/p>\n\n\n\n<p class=\"has-small-font-size\">Angefangen vom Reiterwettbewerb mit ihrem ersten eigenen Pony \u00fcber die Teilnahme beim Bundesnachwuchschampionat im Rahmen der DJM in Zeiskam mit ihrem ersten Gro\u00dfpferd bis hin zum Deutschenmeister Titel 2022 in der Klasse U25 Grand Prix. \u00dcber die Jahre hinweg konnte Alina mit ihrer Erfolgsstute Paola OLD Bronze bei den Jungen Reitern auf den Landesmeisterschaften HH\/SH 2018 sammeln, zu dem mehrere Platzierungen in der Schweren Klasse und auch einen 3. Platz bei der Jugend-Challenge in Verden erreichen. Auf dem Weg in den Grand Prix Sport konnte das Paar 2020 erstmals Platzierungen und Siege auf S<strong>* <\/strong>sammeln und somit f\u00fcr Schleswig-Holstein beim Auswahllehrgang zum Piaff F\u00f6rderpreis 2021 teilnehmen. Durch die erfolgreiche Qualifikation durfte das Paar bei den Stationen des Piaff-F\u00f6rderpreises starten, wobei sie weitere Platzierungen auf S* Niveau verbuchen konnten. Durch ihre Leistungen durften sie am Finale des Piaff-F\u00f6rderpreises im Dezember 2021 in Kronberg teilnehmen. Dort konnten sie zun\u00e4chst ihren gr\u00f6\u00dften Erfolg mit dem 3. Platz im Finale feiern. 2022 gelangen ihnen u. a. zwei 4. Pl\u00e4tze in Mannheim im Rahmen des Piaff-F\u00f6rderpreises, bevor es Gold und Silber auf der Deutschen Meisterschaft in Balve im U25 Grand Prix und der U25 Grand Prix K\u00fcr gab. Doch auch mit ihrem erst 7-J\u00e4hrigen Nachwuchspferd Flavio konnte Alina 2022 das U25 Derby mit Pferdewechsel in Hamburg gewinnen. Durch ihre Erfolge mit Paola OLD wurde Alina 2022 erstmalig in den perspektivischen Bundeskader berufen.<\/p>\n<\/div>\n<\/div>\n<\/div><\/div>\n\n\n\n<div class=\"wp-block-group has-primary-800-background-color has-background is-layout-constrained wp-block-group-is-layout-constrained\"><div class=\"wp-block-group__inner-container\">\n\n<div class=\"wp-block-columns is-layout-flex wp-container-core-columns-is-layout-28f84493 wp-block-columns-is-layout-flex\">\n\n<div class=\"wp-block-column is-layout-flow wp-block-column-is-layout-flow\">\n\n<h3 class=\"wp-block-heading\">Gianna Regenbrecht<\/h3>\n\n\n<p>F\u00fcr die Para-Dressurreiterin Gianna ist der Reitsport mehr als nur ein Sport \u2013 es ist eine Herzensangelegenheit, die sie mit gro\u00dfer Hingabe und einer tiefen Verbundenheit zu ihren Pferden lebt. Nach einem Reitunfall im Jahr 2014 fand sie mit beeindruckender Entschlossenheit zur\u00fcck in den Sattel \u2013 und schlie\u00dflich in den Leistungssport. Ihr Weg in den Para-Dressursport ist gepr\u00e4gt von Ausdauer, Gef\u00fchl und einer tiefen Verbindung zum Pferd.<\/p>\n\n\n<p>Durch konsequentes Training, sportlichen Ehrgeiz und gro\u00dfe Leidenschaft hat sie sich erfolgreich im nationalen und internationalen Turniersport etabliert. Heute geh\u00f6rt sie zum festen Bestandteil des deutschen Para-Dressur-Kaders.<\/p>\n\n\n<p>Heute lebt Gianna in der N\u00e4he von Warendorf zusammen mit ihrem Freund und dem Dalmatiner Silas. Ihre Pferde stehen am DOKR \u2013 Deutsches Olympiade-Komitee f\u00fcr Reiterei und Bundesst\u00fctzpunkt \u2013 in Warendorf, wo Gianna ebenfalls trainiert. Neben ihrer sportlichen Karriere studiert sie Medizin und setzt sich engagiert f\u00fcr den Para-Sport und die Inklusion von Menschen mit Behinderung ein. <\/p>\n\n\n<p>Ihr Lebensmotto: <em>Die eigenen Grenzen erkennen und niemals aufgeben \u2013 sondern sie immer wieder verschieben.<\/em><\/p>\n\n\n<p class=\"has-small-font-size\"><a href=\"https:\/\/www.gianna-regenbrecht.de\/\" target=\"_blank\" rel=\"noreferrer noopener\">www.gianna-regenbrecht.de<\/a><\/p>\n\n<\/div>\n\n\n<div class=\"wp-block-column is-layout-flow wp-block-column-is-layout-flow\">\n\n<figure class=\"wp-block-image aligncenter size-large is-resized\"><img loading=\"lazy\" decoding=\"async\" width=\"826\" height=\"1024\" src=\"https:\/\/www.kavalkade.de\/blog\/app\/uploads\/2022\/05\/Gianna-Regenbrecht-e1651744806798-826x1024.jpg\" alt=\"\" class=\"wp-image-462\" style=\"width:365px;height:auto\" srcset=\"https:\/\/kavalkade.de\/blog\/app\/uploads\/2022\/05\/Gianna-Regenbrecht-e1651744806798-826x1024.jpg 826w, https:\/\/kavalkade.de\/blog\/app\/uploads\/2022\/05\/Gianna-Regenbrecht-e1651744806798-242x300.jpg 242w, https:\/\/kavalkade.de\/blog\/app\/uploads\/2022\/05\/Gianna-Regenbrecht-e1651744806798-768x952.jpg 768w, https:\/\/kavalkade.de\/blog\/app\/uploads\/2022\/05\/Gianna-Regenbrecht-e1651744806798-1239x1536.jpg 1239w, https:\/\/kavalkade.de\/blog\/app\/uploads\/2022\/05\/Gianna-Regenbrecht-e1651744806798-403x500.jpg 403w, https:\/\/kavalkade.de\/blog\/app\/uploads\/2022\/05\/Gianna-Regenbrecht-e1651744806798.jpg 1366w\" sizes=\"auto, (max-width: 826px) 100vw, 826px\" \/><\/figure>\n\n<\/div>\n\n<\/div>\n\n<\/div><\/div>\n\n\n\n<div class=\"wp-block-group is-layout-flow wp-block-group-is-layout-flow\"><div class=\"wp-block-group__inner-container\">\n<div class=\"wp-block-columns is-layout-flex wp-container-core-columns-is-layout-28f84493 wp-block-columns-is-layout-flex\">\n<div class=\"wp-block-column is-layout-flow wp-block-column-is-layout-flow\">\n<figure class=\"wp-block-image aligncenter size-full is-resized\"><img loading=\"lazy\" decoding=\"async\" width=\"639\" height=\"800\" src=\"https:\/\/kavalkade.de\/blog\/app\/uploads\/2021\/11\/Rahpi_01-1.jpg\" alt=\"\" class=\"wp-image-238\" style=\"width:366px;height:458px\" srcset=\"https:\/\/kavalkade.de\/blog\/app\/uploads\/2021\/11\/Rahpi_01-1.jpg 639w, https:\/\/kavalkade.de\/blog\/app\/uploads\/2021\/11\/Rahpi_01-1-240x300.jpg 240w, https:\/\/kavalkade.de\/blog\/app\/uploads\/2021\/11\/Rahpi_01-1-399x500.jpg 399w\" sizes=\"auto, (max-width: 639px) 100vw, 639px\" \/><\/figure>\n<\/div>\n\n\n\n<div class=\"wp-block-column is-layout-flow wp-block-column-is-layout-flow\">\n<h3 class=\"wp-block-heading\" id=\"reber\">Raphaelle Borgmann<\/h3>\n\n\n\n<p class=\"has-small-font-size\" style=\"padding-top:0;padding-right:0;padding-bottom:0;padding-left:0\">Raphaelle ist eine erfahrene Dressurreiterin mit Schweizer Wurzeln und internationalem Know-how. Ihre Karriere begann im Schweizer Dressursport, wo sie \u00fcber viele Jahre hinweg mit Platzierungen bis zur schweren Klasse auf sich aufmerksam machte. 2011 zog sie nach Deutschland, um ihre reiterliche Laufbahn gezielt weiterzuentwickeln.<\/p>\n\n\n\n<p class=\"has-small-font-size\" style=\"padding-top:0;padding-right:0;padding-bottom:0;padding-left:0\">Sie absolvierte eine klassische Ausbildung zur Bereiterin und sammelte wertvolle Erfahrung unter angesehenen Ausbildern wie Thomas Wagner, Stefanie Lugge-Kerner und Sebastian Heinze. Aktuell wird sie von Lena Hassmann trainiert. F\u00fcr ihre konstant erfolgreichen Leistungen im Turniersport wurde sie mit dem <strong>Goldenen Reitabzeichen<\/strong> ausgezeichnet.<\/p>\n\n\n\n<p class=\"has-small-font-size\" style=\"padding-top:0;padding-right:0;padding-bottom:0;padding-left:0\">Im Laufe der Jahre erzielte Rapha\u00eblle zahlreiche Platzierungen und Siege bis zur <strong>Schweren Klasse (S*<em>*<\/em>)<\/strong> \u2013 ein Beleg f\u00fcr ihr K\u00f6nnen, ihre Ausdauer und ihre partnerschaftliche Arbeit mit dem Pferd.<\/p>\n\n\n\n<p class=\"has-small-font-size\" style=\"padding-top:0;padding-right:0;padding-bottom:0;padding-left:0\">Heute ist sie als selbstst\u00e4ndige Ausbilderin und Trainerin im M\u00fcnsterland t\u00e4tig. Ihre Pferde sind auf einer modernen Reitanlage untergebracht, die ideale Bedingungen f\u00fcr professionelles Training und individuelle F\u00f6rderung bietet. Mit viel Feingef\u00fchl, Erfahrung und einem hohen Qualit\u00e4tsanspruch begleitet Rapha\u00eblle sowohl junge Pferde als auch ambitionierte Reiter auf ihrem Weg im Dressursport.<\/p>\n<\/div>\n<\/div>\n<\/div><\/div>\n\n\n\n<div class=\"wp-block-group has-primary-800-background-color has-background is-layout-flow wp-block-group-is-layout-flow\"><div class=\"wp-block-group__inner-container\">\n\n<div class=\"wp-block-columns is-layout-flex wp-container-core-columns-is-layout-28f84493 wp-block-columns-is-layout-flex\">\n\n<div class=\"wp-block-column is-layout-flow wp-block-column-is-layout-flow\" style=\"flex-basis:50%\">\n\n<h3 class=\"wp-block-heading\" id=\"weber\">Maike Morbach<\/h3>\n\n\n<p class=\"has-small-font-size\">Als Sportrichterin und auf dem Pferder\u00fccken f\u00fchlt sich Maike Morbach gleicherma\u00dfen wohl. Seit ihrer Jugend hat sich die Pferdewirtschaftsmeisterin dem Training von Islandpferden verschrieben. Heute ist sie als selbstst\u00e4ndige IPZV-Trainerin A sowie als Kadertrainerin t\u00e4tig und bildet Pferde und Reiter bis in die hohen Klassen aus. Ihr gr\u00f6\u00dftes Anliegen: eine vielseitige und sorgf\u00e4ltige Ausbildung in jeder Hinsicht. <\/p>\n\n\n<p class=\"has-small-font-size\"><a href=\"https:\/\/www.maike-morbach.com\/\" target=\"_blank\" rel=\"noreferrer noopener\">www.maike-morbach.com<\/a><\/p>\n\n<\/div>\n\n\n<div class=\"wp-block-column is-layout-flow wp-block-column-is-layout-flow\" style=\"flex-basis:50%\">\n\n<figure class=\"wp-block-image aligncenter size-large is-resized\"><img loading=\"lazy\" decoding=\"async\" width=\"1024\" height=\"1024\" src=\"https:\/\/kavalkade.de\/blog\/app\/uploads\/2021\/12\/Maike-1024x1024.jpg\" alt=\"\" class=\"wp-image-326\" style=\"width:313px;height:auto\" srcset=\"https:\/\/kavalkade.de\/blog\/app\/uploads\/2021\/12\/Maike-1024x1024.jpg 1024w, https:\/\/kavalkade.de\/blog\/app\/uploads\/2021\/12\/Maike-300x300.jpg 300w, https:\/\/kavalkade.de\/blog\/app\/uploads\/2021\/12\/Maike-150x150.jpg 150w, https:\/\/kavalkade.de\/blog\/app\/uploads\/2021\/12\/Maike-768x769.jpg 768w, https:\/\/kavalkade.de\/blog\/app\/uploads\/2021\/12\/Maike-1534x1536.jpg 1534w, https:\/\/kavalkade.de\/blog\/app\/uploads\/2021\/12\/Maike-2046x2048.jpg 2046w, https:\/\/kavalkade.de\/blog\/app\/uploads\/2021\/12\/Maike-499x500.jpg 499w\" sizes=\"auto, (max-width: 1024px) 100vw, 1024px\" \/><\/figure>\n\n<\/div>\n\n<\/div>\n\n<\/div><\/div>\n\n\n\n<div class=\"wp-block-group is-layout-flow wp-block-group-is-layout-flow\"><div class=\"wp-block-group__inner-container\">\n<div class=\"wp-block-columns is-layout-flex wp-container-core-columns-is-layout-28f84493 wp-block-columns-is-layout-flex\">\n<div class=\"wp-block-column is-layout-flow wp-block-column-is-layout-flow\">\n<figure class=\"wp-block-image aligncenter size-large is-resized is-style-width-auto\"><img loading=\"lazy\" decoding=\"async\" width=\"1181\" height=\"1181\" src=\"https:\/\/www.kavalkade.de\/blog\/app\/uploads\/2024\/09\/Elmar-Lesch-edited-1.jpg\" alt=\"\" class=\"wp-image-1678\" style=\"width:359px;height:auto\" srcset=\"https:\/\/kavalkade.de\/blog\/app\/uploads\/2024\/09\/Elmar-Lesch-edited-1.jpg 1181w, https:\/\/kavalkade.de\/blog\/app\/uploads\/2024\/09\/Elmar-Lesch-edited-1-300x300.jpg 300w, https:\/\/kavalkade.de\/blog\/app\/uploads\/2024\/09\/Elmar-Lesch-edited-1-1024x1024.jpg 1024w, https:\/\/kavalkade.de\/blog\/app\/uploads\/2024\/09\/Elmar-Lesch-edited-1-150x150.jpg 150w, https:\/\/kavalkade.de\/blog\/app\/uploads\/2024\/09\/Elmar-Lesch-edited-1-768x768.jpg 768w, https:\/\/kavalkade.de\/blog\/app\/uploads\/2024\/09\/Elmar-Lesch-edited-1-500x500.jpg 500w\" sizes=\"auto, (max-width: 1181px) 100vw, 1181px\" \/><\/figure>\n<\/div>\n\n\n\n<div class=\"wp-block-column is-layout-flow wp-block-column-is-layout-flow\">\n<h3 class=\"wp-block-heading\">Elmar Lesch <\/h3>\n\n\n\n<p class=\"has-small-font-size\">Der Ausbildungs- und Turnierstall von Elmar Lesch im nieders\u00e4chsischen Bavendorf gilt weit \u00fcber die Grenzen Deutschlands hinaus als renommierte Adresse hinsichtlich des Kaufs und Verkaufs von vollblutgepr\u00e4gten Vielseitigkeitspferden aus allen deutschen Zucht\u00adgebieten sowie der sportlichen F\u00f6rderung von Reitern und Pferden bis auf h\u00f6chstes Niveau. Elmar Lesch rief eine bis dato deutschlandweit einzigartige Auktion ausschlie\u00dflich f\u00fcr Deutsche Elite-Vielseitigkeits\u00adpferde ins Leben, die der Vermarktung deutscher Vielseitig\u00adkeits\u00adpferde zwischen 2005 und 2016 entscheidende Impulse gab. 2010 fand auf der Reitanlage von Elmar Lesch erstmals ein Verkaufstag f\u00fcr Vielseitigkeits\u00adpferde statt, der seitdem j\u00e4hrlich im Fr\u00fchjahr seinen festen Platz im Termin\u00adkalender hat.<\/p>\n\n\n\n<p class=\"has-small-font-size\"> Als erfolgreicher Reiter, Ausbilder und Trainer ist Elmar Lesch seit \u00fcber 30 Jahren in der internationalen Turnier\u00adsport\u00adszene pr\u00e4sent und professionell mit der Vermarktung von Sport\u00adpferden besch\u00e4ftigt. Als einer der ersten Profireiter hierzulande legte er bereits Anfang der 1990er Jahre seinen Schwerpunkt erfolgreich in den Vielseitigkeits\u00adsport: zweimal vertrat er die deutschen Farben auf Europa\u00admeister\u00adschaften, wurde u. a. Deutscher Vizemeister und verbuchte Siege im internationalen Sport bis CCI3*. Auf dem Bundes\u00adchampionat ritt der Pferde\u00adwirtschaft\u00admeister mehrfach junge Pferde zum Titel. <\/p>\n\n\n\n<p><a href=\"http:\/\/www.elmar-lesch.de\" target=\"_blank\" rel=\"noreferrer noopener\">www.elmar-lesch.de<\/a><\/p>\n<\/div>\n<\/div>\n<\/div><\/div>\n\n\n\n<div class=\"wp-block-group is-style-horse has-primary-800-background-color has-background is-layout-flow wp-block-group-is-layout-flow\"><div class=\"wp-block-group__inner-container\">\n\n<div class=\"wp-block-columns is-style-narrow is-layout-flex wp-container-core-columns-is-layout-28f84493 wp-block-columns-is-layout-flex\">\n\n<div class=\"wp-block-column is-layout-flow wp-block-column-is-layout-flow\">\n\n<h3 class=\"wp-block-heading\">Florian Wanner<\/h3>\n\n\n<p class=\"has-small-font-size\">Florian Wanner ist Springreiter aus dem S\u00fcden Deutschlands, genauer gesagt aus dem l\u00e4ndlich gepr\u00e4gten G\u00f6ggingen-Horn in Baden-W\u00fcrttemberg. Seit vielen Jahren ist er mit gro\u00dfer Leidenschaft Teil unseres Teams. Schon in seinen Juniorenjahren konnte Florian zahlreiche Siege in der schweren Klasse verbuchen \u2013 darunter auch im U25-Nationenpreis in Babenhausen. Heute ist er als Familienvater weiterhin erfolgreich bis zur schweren Klasse auf regionalem Niveau unterwegs.<br><br>Ein besonderer Fokus liegt bei ihm auf der familieneigenen Pferdezucht. Nahezu alle seiner erfolgreichen Sportpferde wurden im eigenen Reha- und Pensionspferdebetrieb, dem Pferdeerholungszentrum Grimm in G\u00f6ggingen-Horn, geboren, ausgebildet und bis in Springpr\u00fcfungen der Klasse S platziert.<br><br>Mein Motto f\u00fcr Kavalkade:<br>Tolle, innovative Produkte \u2013 nachhaltig produziert, zu einem fairen Preis.<br>Seit Jahren bin ich begeistert von der Qualit\u00e4t und Funktionalit\u00e4t der Kavalkade-Produkte \u2013 und freue mich, aktiv an der Weiterentwicklung mitzuwirken.<\/p>\n\n<\/div>\n\n<\/div>\n\n<\/div><\/div>\n","protected":false},"excerpt":{"rendered":"<p>J\u00e9r\u00f4me Robin\u00e9 J\u00e9r\u00f4me ist ein erfolgreicher deutscher Vielseitigkeitsreiter, Sportsoldat und Ausbilder. Als mehrfacher Medaillengewinner bei Nachwuchs-Europameisterschaften und erfahrener Teilnehmer an internationalen Pr\u00fcfungen bis zur 5*-Ebene &#8230;<\/p>\n","protected":false},"author":2,"featured_media":309,"parent":0,"menu_order":0,"comment_status":"closed","ping_status":"closed","template":"","meta":{"_acf_changed":false,"_seopress_robots_primary_cat":"","_seopress_titles_title":"","_seopress_titles_desc":"","_seopress_robots_index":"","inline_featured_image":false,"footnotes":""},"class_list":["post-234","page","type-page","status-publish","has-post-thumbnail","hentry"],"acf":[],"_links":{"self":[{"href":"https:\/\/kavalkade.de\/blog\/wp-json\/wp\/v2\/pages\/234","targetHints":{"allow":["GET"]}}],"collection":[{"href":"https:\/\/kavalkade.de\/blog\/wp-json\/wp\/v2\/pages"}],"about":[{"href":"https:\/\/kavalkade.de\/blog\/wp-json\/wp\/v2\/types\/page"}],"author":[{"embeddable":true,"href":"https:\/\/kavalkade.de\/blog\/wp-json\/wp\/v2\/users\/2"}],"replies":[{"embeddable":true,"href":"https:\/\/kavalkade.de\/blog\/wp-json\/wp\/v2\/comments?post=234"}],"version-history":[{"count":139,"href":"https:\/\/kavalkade.de\/blog\/wp-json\/wp\/v2\/pages\/234\/revisions"}],"predecessor-version":[{"id":4441,"href":"https:\/\/kavalkade.de\/blog\/wp-json\/wp\/v2\/pages\/234\/revisions\/4441"}],"wp:featuredmedia":[{"embeddable":true,"href":"https:\/\/kavalkade.de\/blog\/wp-json\/wp\/v2\/media\/309"}],"wp:attachment":[{"href":"https:\/\/kavalkade.de\/blog\/wp-json\/wp\/v2\/media?parent=234"}],"curies":[{"name":"wp","href":"https:\/\/api.w.org\/{rel}","templated":true}]}}