{"id":270,"date":"2021-11-25T16:45:11","date_gmt":"2021-11-25T16:45:11","guid":{"rendered":"https:\/\/kavalkade.de\/blog\/?page_id=270"},"modified":"2026-04-07T08:36:35","modified_gmt":"2026-04-07T08:36:35","slug":"auszeichnungen","status":"publish","type":"page","link":"https:\/\/kavalkade.de\/blog\/auszeichnungen\/","title":{"rendered":"Auszeichnungen"},"content":{"rendered":"\n<div style=\"height:100px\" aria-hidden=\"true\" class=\"wp-block-spacer\"><\/div>\n\n\n\n<div class=\"wp-block-media-text has-media-on-the-right is-stacked-on-mobile\"><div class=\"wp-block-media-text__content\">\n<h1 class=\"wp-block-heading\">Worauf wir stolz sind<\/h1>\n\n\n\n<div style=\"height:80px\" aria-hidden=\"true\" class=\"wp-block-spacer\"><\/div>\n\n\n\n<h2 class=\"wp-block-heading\">German CEO Excellence Award 2026 \u2013 Valentina Leutner<\/h2>\n\n\n\n<p>Mit dem Award werden F\u00fchrungskr\u00e4fte geehrt, die sich durch&nbsp;besonders erfolgreiche Unternehmensf\u00fchrung, Innovationskraft und strategische Weitsicht&nbsp;auszeichnen. Im Mittelpunkt stehen dabei ihre messbaren Erfolge, ihr Einfluss auf die Entwicklung ihres Unternehmens sowie ihre F\u00e4higkeit, Herausforderungen wie Digitalisierung oder Marktver\u00e4nderungen erfolgreich zu meistern.<\/p>\n<\/div><figure class=\"wp-block-media-text__media\"><img loading=\"lazy\" decoding=\"async\" width=\"1024\" height=\"1024\" src=\"https:\/\/kavalkade.de\/blog\/app\/uploads\/2026\/03\/Logo_Valentina-Leutner_German-CEO-Excellence-Awards-2026_Certificate-1024x1024.png\" alt=\"Auszeichnung German CEO Excellence Awards 2026\" class=\"wp-image-4588 size-full\" srcset=\"https:\/\/kavalkade.de\/blog\/app\/uploads\/2026\/03\/Logo_Valentina-Leutner_German-CEO-Excellence-Awards-2026_Certificate-1024x1024.png 1024w, https:\/\/kavalkade.de\/blog\/app\/uploads\/2026\/03\/Logo_Valentina-Leutner_German-CEO-Excellence-Awards-2026_Certificate-300x300.png 300w, https:\/\/kavalkade.de\/blog\/app\/uploads\/2026\/03\/Logo_Valentina-Leutner_German-CEO-Excellence-Awards-2026_Certificate-150x150.png 150w, https:\/\/kavalkade.de\/blog\/app\/uploads\/2026\/03\/Logo_Valentina-Leutner_German-CEO-Excellence-Awards-2026_Certificate-768x768.png 768w, https:\/\/kavalkade.de\/blog\/app\/uploads\/2026\/03\/Logo_Valentina-Leutner_German-CEO-Excellence-Awards-2026_Certificate-500x500.png 500w, https:\/\/kavalkade.de\/blog\/app\/uploads\/2026\/03\/Logo_Valentina-Leutner_German-CEO-Excellence-Awards-2026_Certificate.png 1417w\" sizes=\"auto, (max-width: 1024px) 100vw, 1024px\" \/><\/figure><\/div>\n\n\n\n<div style=\"height:100px\" aria-hidden=\"true\" class=\"wp-block-spacer\"><\/div>\n\n\n\n<div class=\"wp-block-media-text is-stacked-on-mobile\"><figure class=\"wp-block-media-text__media\"><img loading=\"lazy\" decoding=\"async\" width=\"1024\" height=\"591\" src=\"https:\/\/kavalkade.de\/blog\/app\/uploads\/2026\/04\/Kavalkade-Spoga-Award-2026-1024x591.png\" alt=\"Label Spoga Horse Award 2026\" class=\"wp-image-4620 size-full\" srcset=\"https:\/\/kavalkade.de\/blog\/app\/uploads\/2026\/04\/Kavalkade-Spoga-Award-2026-1024x591.png 1024w, https:\/\/kavalkade.de\/blog\/app\/uploads\/2026\/04\/Kavalkade-Spoga-Award-2026-300x173.png 300w, https:\/\/kavalkade.de\/blog\/app\/uploads\/2026\/04\/Kavalkade-Spoga-Award-2026-768x443.png 768w, https:\/\/kavalkade.de\/blog\/app\/uploads\/2026\/04\/Kavalkade-Spoga-Award-2026-800x462.png 800w, https:\/\/kavalkade.de\/blog\/app\/uploads\/2026\/04\/Kavalkade-Spoga-Award-2026.png 1300w\" sizes=\"auto, (max-width: 1024px) 100vw, 1024px\" \/><\/figure><div class=\"wp-block-media-text__content\">\n<h2 class=\"wp-block-heading\">Spoga Innovation Award<\/h2>\n\n\n\n<p>Der&nbsp;spoga horse TOP INNOVATIONS Award&nbsp;ist einer der wichtigsten Innovationspreise der internationalen Reitsportbranche. Ausgezeichnet werden&nbsp;neue, besonders innovative Produkte, die z. B. durch Funktionalit\u00e4t, Nachhaltigkeit, Design oder Nutzen f\u00fcr Reiter und Pferd herausstechen. Die Bewertung erfolgt durch eine unabh\u00e4ngige Fachjury.<\/p>\n<\/div><\/div>\n\n\n\n<div style=\"height:100px\" aria-hidden=\"true\" class=\"wp-block-spacer\"><\/div>\n\n\n\n<h2 class=\"wp-block-heading\">Unsere innovativsten Produkte wurden ausgezeichnet:<\/h2>\n\n\n\n<figure class=\"wp-block-gallery has-nested-images columns-default is-cropped wp-block-gallery-1 is-layout-flex wp-block-gallery-is-layout-flex\">\n<figure class=\"wp-block-image size-full\"><img loading=\"lazy\" decoding=\"async\" width=\"800\" height=\"800\" data-id=\"4596\" src=\"https:\/\/kavalkade.de\/blog\/app\/uploads\/2026\/03\/Hengstdecke-Stallion.jpg\" alt=\"Pferdek\u00f6rper mit schwarzer Pferdedecke\" class=\"wp-image-4596\" srcset=\"https:\/\/kavalkade.de\/blog\/app\/uploads\/2026\/03\/Hengstdecke-Stallion.jpg 800w, https:\/\/kavalkade.de\/blog\/app\/uploads\/2026\/03\/Hengstdecke-Stallion-300x300.jpg 300w, https:\/\/kavalkade.de\/blog\/app\/uploads\/2026\/03\/Hengstdecke-Stallion-150x150.jpg 150w, https:\/\/kavalkade.de\/blog\/app\/uploads\/2026\/03\/Hengstdecke-Stallion-768x768.jpg 768w, https:\/\/kavalkade.de\/blog\/app\/uploads\/2026\/03\/Hengstdecke-Stallion-500x500.jpg 500w\" sizes=\"auto, (max-width: 800px) 100vw, 800px\" \/><\/figure>\n\n\n\n<figure class=\"wp-block-image size-full\"><img loading=\"lazy\" decoding=\"async\" width=\"950\" height=\"950\" data-id=\"4598\" src=\"https:\/\/kavalkade.de\/blog\/app\/uploads\/2026\/03\/Wandertrense-Artemis.jpg\" alt=\"Geschecktes Pferd mit brauner Trense\" class=\"wp-image-4598\" srcset=\"https:\/\/kavalkade.de\/blog\/app\/uploads\/2026\/03\/Wandertrense-Artemis.jpg 950w, https:\/\/kavalkade.de\/blog\/app\/uploads\/2026\/03\/Wandertrense-Artemis-300x300.jpg 300w, https:\/\/kavalkade.de\/blog\/app\/uploads\/2026\/03\/Wandertrense-Artemis-150x150.jpg 150w, https:\/\/kavalkade.de\/blog\/app\/uploads\/2026\/03\/Wandertrense-Artemis-768x768.jpg 768w, https:\/\/kavalkade.de\/blog\/app\/uploads\/2026\/03\/Wandertrense-Artemis-500x500.jpg 500w\" sizes=\"auto, (max-width: 950px) 100vw, 950px\" \/><\/figure>\n\n\n\n<figure class=\"wp-block-image size-full\"><img loading=\"lazy\" decoding=\"async\" width=\"800\" height=\"800\" data-id=\"4597\" src=\"https:\/\/kavalkade.de\/blog\/app\/uploads\/2026\/03\/Foalmaster.jpg\" alt=\"Frau mit braunem Fohlen\" class=\"wp-image-4597\" srcset=\"https:\/\/kavalkade.de\/blog\/app\/uploads\/2026\/03\/Foalmaster.jpg 800w, https:\/\/kavalkade.de\/blog\/app\/uploads\/2026\/03\/Foalmaster-300x300.jpg 300w, https:\/\/kavalkade.de\/blog\/app\/uploads\/2026\/03\/Foalmaster-150x150.jpg 150w, https:\/\/kavalkade.de\/blog\/app\/uploads\/2026\/03\/Foalmaster-768x768.jpg 768w, https:\/\/kavalkade.de\/blog\/app\/uploads\/2026\/03\/Foalmaster-500x500.jpg 500w\" sizes=\"auto, (max-width: 800px) 100vw, 800px\" \/><\/figure>\n\n\n\n<figure class=\"wp-block-image size-large\"><img loading=\"lazy\" decoding=\"async\" width=\"1024\" height=\"1024\" data-id=\"4593\" src=\"https:\/\/kavalkade.de\/blog\/app\/uploads\/2026\/03\/Horselight-1024x1024.jpg\" alt=\"Frau auf Pferd im Dunkeln mit Leuchtmanschetten and Stiefel und Sattel\" class=\"wp-image-4593\" srcset=\"https:\/\/kavalkade.de\/blog\/app\/uploads\/2026\/03\/Horselight-1024x1024.jpg 1024w, https:\/\/kavalkade.de\/blog\/app\/uploads\/2026\/03\/Horselight-300x300.jpg 300w, https:\/\/kavalkade.de\/blog\/app\/uploads\/2026\/03\/Horselight-150x150.jpg 150w, https:\/\/kavalkade.de\/blog\/app\/uploads\/2026\/03\/Horselight-768x768.jpg 768w, https:\/\/kavalkade.de\/blog\/app\/uploads\/2026\/03\/Horselight-500x500.jpg 500w, https:\/\/kavalkade.de\/blog\/app\/uploads\/2026\/03\/Horselight.jpg 1111w\" sizes=\"auto, (max-width: 1024px) 100vw, 1024px\" \/><\/figure>\n\n\n\n<figure class=\"wp-block-image size-full\"><img loading=\"lazy\" decoding=\"async\" width=\"800\" height=\"800\" data-id=\"4595\" src=\"https:\/\/kavalkade.de\/blog\/app\/uploads\/2026\/03\/Fuehranlagendecke.jpg\" alt=\"Braunes Pferd mit Pferdedecke galoppierend auf Wiese\" class=\"wp-image-4595\" srcset=\"https:\/\/kavalkade.de\/blog\/app\/uploads\/2026\/03\/Fuehranlagendecke.jpg 800w, https:\/\/kavalkade.de\/blog\/app\/uploads\/2026\/03\/Fuehranlagendecke-300x300.jpg 300w, https:\/\/kavalkade.de\/blog\/app\/uploads\/2026\/03\/Fuehranlagendecke-150x150.jpg 150w, https:\/\/kavalkade.de\/blog\/app\/uploads\/2026\/03\/Fuehranlagendecke-768x768.jpg 768w, https:\/\/kavalkade.de\/blog\/app\/uploads\/2026\/03\/Fuehranlagendecke-500x500.jpg 500w\" sizes=\"auto, (max-width: 800px) 100vw, 800px\" \/><\/figure>\n\n\n\n<figure class=\"wp-block-image size-large\"><img loading=\"lazy\" decoding=\"async\" width=\"1024\" height=\"683\" data-id=\"4594\" src=\"https:\/\/kavalkade.de\/blog\/app\/uploads\/2026\/03\/Korksattel-1-1024x683.webp\" alt=\"Zwei schwarze Korks\u00e4ttel auf Holzgatter\" class=\"wp-image-4594\" srcset=\"https:\/\/kavalkade.de\/blog\/app\/uploads\/2026\/03\/Korksattel-1-1024x683.webp 1024w, https:\/\/kavalkade.de\/blog\/app\/uploads\/2026\/03\/Korksattel-1-300x200.webp 300w, https:\/\/kavalkade.de\/blog\/app\/uploads\/2026\/03\/Korksattel-1-768x513.webp 768w, https:\/\/kavalkade.de\/blog\/app\/uploads\/2026\/03\/Korksattel-1-749x500.webp 749w, https:\/\/kavalkade.de\/blog\/app\/uploads\/2026\/03\/Korksattel-1.webp 1536w\" sizes=\"auto, (max-width: 1024px) 100vw, 1024px\" \/><\/figure>\n<figcaption class=\"blocks-gallery-caption wp-element-caption\">Mit diesen Produkten sind wir unter die ersten 20-30 besten innovativsten Produkte des Jahres gekommen.<\/figcaption><\/figure>\n\n\n\n<div style=\"height:100px\" aria-hidden=\"true\" class=\"wp-block-spacer\"><\/div>\n\n\n\n<h2 class=\"wp-block-heading\">Erfahre mehr \u00fcber unsere innovativen Produkte:<\/h2>\n\n\n\n<div data-wp-context=\"{ &quot;autoclose&quot;: false, &quot;accordionItems&quot;: [] }\" data-wp-interactive=\"core\/accordion\" role=\"group\" class=\"wp-block-accordion is-layout-flow wp-block-accordion-is-layout-flow\">\n<div data-wp-class--is-open=\"state.isOpen\" data-wp-context=\"{ &quot;id&quot;: &quot;accordion-item-2&quot;, &quot;openByDefault&quot;: false }\" data-wp-init=\"callbacks.initAccordionItems\" data-wp-on-window--hashchange=\"callbacks.hashChange\" class=\"wp-block-accordion-item is-layout-flow wp-block-accordion-item-is-layout-flow\">\n<h3 class=\"wp-block-accordion-heading\"><button aria-expanded=\"false\" aria-controls=\"accordion-item-2-panel\" data-wp-bind--aria-expanded=\"state.isOpen\" data-wp-on--click=\"actions.toggle\" data-wp-on--keydown=\"actions.handleKeyDown\" id=\"accordion-item-2\" type=\"button\" class=\"wp-block-accordion-heading__toggle\"><span class=\"wp-block-accordion-heading__toggle-title\">Hengstdecke \u201eStallion\u201c 2026<\/span><span class=\"wp-block-accordion-heading__toggle-icon\" aria-hidden=\"true\">+<\/span><\/button><\/h3>\n\n\n\n<div inert aria-labelledby=\"accordion-item-2\" data-wp-bind--inert=\"!state.isOpen\" id=\"accordion-item-2-panel\" role=\"region\" class=\"wp-block-accordion-panel is-layout-flow wp-block-accordion-panel-is-layout-flow\">\n<p>Die <a href=\"https:\/\/www.kavalkade.de\/hengstdecke-stallion-brustlatz-50g.html\" data-type=\"link\" data-id=\"https:\/\/www.kavalkade.de\/hengstdecke-stallion-brustlatz-50g.html\"><span style=\"text-decoration: underline;\">\u201eHengstdecke Stallion\u201c<\/span><\/a> ist speziell f\u00fcr Hengste entwickelt und besonders&nbsp;biss- und rei\u00dffest, wodurch sie auch bei intensiver Beanspruchung langlebig bleibt. Durch den&nbsp;anatomischen Schnitt mit Bauchlatz und breitem Halsausschnitt&nbsp;bietet sie optimalen Schutz und reduziert Angriffspunkte. Gleichzeitig sorgt die durchdachte Passform f\u00fcr&nbsp;hohen Komfort und sicheren Sitz ohne Verrutschen. Der Brustlatz bietet mehr Schutz im Brustbereich und bietet dem Hengst keine Angriffsm\u00f6glichkeiten. Auch durch die durchgezogenen Bauchverschl\u00fcsse gibt die Decke keine Kanten zum reinbei\u00dfen.<\/p>\n<\/div>\n<\/div>\n\n\n\n<div data-wp-class--is-open=\"state.isOpen\" data-wp-context=\"{ &quot;id&quot;: &quot;accordion-item-3&quot;, &quot;openByDefault&quot;: false }\" data-wp-init=\"callbacks.initAccordionItems\" data-wp-on-window--hashchange=\"callbacks.hashChange\" class=\"wp-block-accordion-item is-layout-flow wp-block-accordion-item-is-layout-flow\">\n<h3 class=\"wp-block-accordion-heading\"><button aria-expanded=\"false\" aria-controls=\"accordion-item-3-panel\" data-wp-bind--aria-expanded=\"state.isOpen\" data-wp-on--click=\"actions.toggle\" data-wp-on--keydown=\"actions.handleKeyDown\" id=\"accordion-item-3\" type=\"button\" class=\"wp-block-accordion-heading__toggle\"><span class=\"wp-block-accordion-heading__toggle-title\">Wandertrense \u201eArtemis\u201c 2026<\/span><span class=\"wp-block-accordion-heading__toggle-icon\" aria-hidden=\"true\">+<\/span><\/button><\/h3>\n\n\n\n<div inert aria-labelledby=\"accordion-item-3\" data-wp-bind--inert=\"!state.isOpen\" id=\"accordion-item-3-panel\" role=\"region\" class=\"wp-block-accordion-panel is-layout-flow wp-block-accordion-panel-is-layout-flow\">\n<p>Die <a href=\"https:\/\/www.kavalkade.de\/wanderreittrense-artemis.html\" data-type=\"link\" data-id=\"https:\/\/www.kavalkade.de\/wanderreittrense-artemis.html\"><span style=\"text-decoration: underline;\">Wanderreittrense \u201eArtemis\u201c<\/span><\/a> ist die perfekte Kombination aus Trense und Halfter \u2013 praktisch, vielseitig und durchdacht. Mit ihrem innovativen 2in1-Design erm\u00f6glicht sie einen schnellen und m\u00fchelosen Wechsel von der Trense zum Halfter. Ideal f\u00fcr lange Ausritte und den t\u00e4glichen Gebrauch.&nbsp;<\/p>\n<\/div>\n<\/div>\n\n\n\n<div data-wp-class--is-open=\"state.isOpen\" data-wp-context=\"{ &quot;id&quot;: &quot;accordion-item-4&quot;, &quot;openByDefault&quot;: false }\" data-wp-init=\"callbacks.initAccordionItems\" data-wp-on-window--hashchange=\"callbacks.hashChange\" class=\"wp-block-accordion-item is-layout-flow wp-block-accordion-item-is-layout-flow\">\n<h3 class=\"wp-block-accordion-heading\"><button aria-expanded=\"false\" aria-controls=\"accordion-item-4-panel\" data-wp-bind--aria-expanded=\"state.isOpen\" data-wp-on--click=\"actions.toggle\" data-wp-on--keydown=\"actions.handleKeyDown\" id=\"accordion-item-4\" type=\"button\" class=\"wp-block-accordion-heading__toggle\"><span class=\"wp-block-accordion-heading__toggle-title\">Fohlengeschirr \u201eFoalmaster\u201c 2025<\/span><span class=\"wp-block-accordion-heading__toggle-icon\" aria-hidden=\"true\">+<\/span><\/button><\/h3>\n\n\n\n<div inert aria-labelledby=\"accordion-item-4\" data-wp-bind--inert=\"!state.isOpen\" id=\"accordion-item-4-panel\" role=\"region\" class=\"wp-block-accordion-panel is-layout-flow wp-block-accordion-panel-is-layout-flow\">\n<p>Das <a href=\"https:\/\/www.kavalkade.de\/foalmaster-fohlengeschirr-mit-haltegriff-schwarz-schwarz-fohlen.html\" data-type=\"link\" data-id=\"https:\/\/www.kavalkade.de\/foalmaster-fohlengeschirr-mit-haltegriff-schwarz-schwarz-fohlen.html\"><span style=\"text-decoration: underline;\">Fohlengeschirr \u201eFoalmaster\u201c<\/span><\/a> ist ein speziell f\u00fcr Fohlen entwickeltes Hilfsmittel, das den kleinen Pferden erste Erfahrungen mit Geschirr und Zugger\u00e4ten vermittelt. Es ist bequemer und sicherer als herk\u00f6mmliche Halfter und passt sich optimal an den k\u00f6rperlichen Entwicklungsstand des Fohlens an. Das Ziel ist, das Fohlen langsam und stressfrei an Druck und Bewegung zu gew\u00f6hnen und seine gesunde Entwicklung zu f\u00f6rdern.&nbsp;Erfahre mehr \u00fcber den Foalmaster in unserem <a href=\"https:\/\/kavalkade.de\/blog\/fohlen-geschirr\/\" data-type=\"link\" data-id=\"https:\/\/kavalkade.de\/blog\/fohlen-geschirr\/\"><span style=\"text-decoration: underline;\">Blogartikel<\/span><\/a>.<\/p>\n<\/div>\n<\/div>\n\n\n\n<div data-wp-class--is-open=\"state.isOpen\" data-wp-context=\"{ &quot;id&quot;: &quot;accordion-item-5&quot;, &quot;openByDefault&quot;: false }\" data-wp-init=\"callbacks.initAccordionItems\" data-wp-on-window--hashchange=\"callbacks.hashChange\" class=\"wp-block-accordion-item is-layout-flow wp-block-accordion-item-is-layout-flow\">\n<h3 class=\"wp-block-accordion-heading\"><button aria-expanded=\"false\" aria-controls=\"accordion-item-5-panel\" data-wp-bind--aria-expanded=\"state.isOpen\" data-wp-on--click=\"actions.toggle\" data-wp-on--keydown=\"actions.handleKeyDown\" id=\"accordion-item-5\" type=\"button\" class=\"wp-block-accordion-heading__toggle\"><span class=\"wp-block-accordion-heading__toggle-title\">Beleuchtungssystem \u201eHorselight\u201c 2025<\/span><span class=\"wp-block-accordion-heading__toggle-icon\" aria-hidden=\"true\">+<\/span><\/button><\/h3>\n\n\n\n<div inert aria-labelledby=\"accordion-item-5\" data-wp-bind--inert=\"!state.isOpen\" id=\"accordion-item-5-panel\" role=\"region\" class=\"wp-block-accordion-panel is-layout-flow wp-block-accordion-panel-is-layout-flow\">\n<p><a href=\"https:\/\/www.kavalkade.de\/kavalkade-sortiment\/horselight.html\"><span style=\"text-decoration: underline;\">HORSELIGHT<\/span><\/a> ist ein innovatives Beleuchtungssystem f\u00fcr Pferde, das Reiter und Tier bei Dunkelheit oder schlechter Sicht&nbsp;fr\u00fchzeitig sichtbar macht und so aktiv zur Unfallvermeidung beitr\u00e4gt. Das System kombiniert&nbsp;wei\u00dfes Frontlicht und rote R\u00fcckleuchten&nbsp;und sorgt damit f\u00fcr Rundumsichtbarkeit im Stra\u00dfenverkehr.&nbsp;<\/p>\n\n\n\n<p>Besonders wichtig: Die Nutzung von Beleuchtung ist nicht nur sinnvoll, sondern auch gesetzlich geregelt. Laut&nbsp;\u00a717 und \u00a728 der Stra\u00dfenverkehrsordnung (StVO)&nbsp;m\u00fcssen Reiter bei Dunkelheit oder schlechten Sichtverh\u00e4ltnissen&nbsp;vorne ein wei\u00dfes und hinten ein rotes Licht f\u00fchren. HORSELIGHT erf\u00fcllt diese Vorgaben und erm\u00f6glicht somit&nbsp;rechtssicheres und sicheres Ausreiten. Erfahre mehr \u00fcber HORSELIGHT in unserem <a href=\"https:\/\/kavalkade.de\/blog\/beleuchtung-pferde\/\" target=\"_blank\" rel=\"noreferrer noopener\"><span style=\"text-decoration: underline;\">Blogartikel<\/span><\/a>.<\/p>\n<\/div>\n<\/div>\n\n\n\n<div data-wp-class--is-open=\"state.isOpen\" data-wp-context=\"{ &quot;id&quot;: &quot;accordion-item-6&quot;, &quot;openByDefault&quot;: false }\" data-wp-init=\"callbacks.initAccordionItems\" data-wp-on-window--hashchange=\"callbacks.hashChange\" class=\"wp-block-accordion-item is-layout-flow wp-block-accordion-item-is-layout-flow\">\n<h3 class=\"wp-block-accordion-heading\"><button aria-expanded=\"false\" aria-controls=\"accordion-item-6-panel\" data-wp-bind--aria-expanded=\"state.isOpen\" data-wp-on--click=\"actions.toggle\" data-wp-on--keydown=\"actions.handleKeyDown\" id=\"accordion-item-6\" type=\"button\" class=\"wp-block-accordion-heading__toggle\"><span class=\"wp-block-accordion-heading__toggle-title\">F\u00fchranlagendecke \u201eHallifax\u201c 2022<\/span><span class=\"wp-block-accordion-heading__toggle-icon\" aria-hidden=\"true\">+<\/span><\/button><\/h3>\n\n\n\n<div inert aria-labelledby=\"accordion-item-6\" data-wp-bind--inert=\"!state.isOpen\" id=\"accordion-item-6-panel\" role=\"region\" class=\"wp-block-accordion-panel is-layout-flow wp-block-accordion-panel-is-layout-flow\">\n<p>Mit der <a href=\"https:\/\/www.kavalkade.de\/halifax-2in1-outdoor-und-fuhranlagendecke-200-g.html\" data-type=\"link\" data-id=\"https:\/\/www.kavalkade.de\/halifax-2in1-outdoor-und-fuhranlagendecke-200-g.html\" target=\"_blank\" rel=\"noreferrer noopener\"><span style=\"text-decoration: underline;\">Halifax 2in1<\/span><\/a> ist ein Umdecken nicht mehr n\u00f6tig. Durch den schnellen und einfachen Austausch des Brustgurts ist die Halifax sowohl als Outdoordecke, als auch als F\u00fchranlagendecke (unter freiem Himmel) einsetzbar. F\u00fcr letzteres gibt es zwei Verschlussm\u00f6glichkeiten bei dem Brustgurt: Der untere Verschluss ist vor allem f\u00fcr schmalere Pferde sehr gut geeignet.&nbsp;<\/p>\n<\/div>\n<\/div>\n\n\n\n<div data-wp-class--is-open=\"state.isOpen\" data-wp-context=\"{ &quot;id&quot;: &quot;accordion-item-7&quot;, &quot;openByDefault&quot;: false }\" data-wp-init=\"callbacks.initAccordionItems\" data-wp-on-window--hashchange=\"callbacks.hashChange\" class=\"wp-block-accordion-item is-layout-flow wp-block-accordion-item-is-layout-flow\">\n<h3 class=\"wp-block-accordion-heading\"><button aria-expanded=\"false\" aria-controls=\"accordion-item-7-panel\" data-wp-bind--aria-expanded=\"state.isOpen\" data-wp-on--click=\"actions.toggle\" data-wp-on--keydown=\"actions.handleKeyDown\" id=\"accordion-item-7\" type=\"button\" class=\"wp-block-accordion-heading__toggle\"><span class=\"wp-block-accordion-heading__toggle-title\">Korkreihe \u201eCortica\u201c 2022<\/span><span class=\"wp-block-accordion-heading__toggle-icon\" aria-hidden=\"true\">+<\/span><\/button><\/h3>\n\n\n\n<div inert aria-labelledby=\"accordion-item-7\" data-wp-bind--inert=\"!state.isOpen\" id=\"accordion-item-7-panel\" role=\"region\" class=\"wp-block-accordion-panel is-layout-flow wp-block-accordion-panel-is-layout-flow\">\n<p>Produkte aus Kork sind au\u00dferhalb des Reitsports schon lange als nachhaltige Alternative zum Leder zu finden. Im Reitsport sind sie allerdings bisher wenig verbreitet. Dies m\u00f6chten wir ab jetzt \u00e4ndern. Als eines der wenigen Reitsport-Unternehmen bieten wir nun 100 % veganes und nachhaltiges <a href=\"https:\/\/www.kavalkade.de\/kavalkade-sortiment\/vegane-produkte\/cortica-aus-kork.html\" data-type=\"link\" data-id=\"https:\/\/www.kavalkade.de\/kavalkade-sortiment\/vegane-produkte\/cortica-aus-kork.html\"><span style=\"text-decoration: underline;\">Reitsportzubeh\u00f6r aus Kork<\/span><\/a> an. Wir m\u00f6chten, gemeinsam mit Ihnen, einen nachhaltigen Fu\u00dfabdruck hinterlassen und Ihnen als veganen Pferdefreund eine tolle Alternative zum Leder anbieten. Knapp zwei Jahre wurden die Produkte entwickelt und auf Herz und Niere gepr\u00fcft, immer wieder ver\u00e4ndert und angepasst.&nbsp;Erfahre mehr zum Thema <a href=\"https:\/\/kavalkade.de\/blog\/nachhaltigkeit-bei-kavalkade\/\" data-type=\"link\" data-id=\"https:\/\/kavalkade.de\/blog\/nachhaltigkeit-bei-kavalkade\/\"><span style=\"text-decoration: underline;\">Nachhaltigkeit bei Kavalkade<\/span><\/a> und zu unseren <a href=\"https:\/\/kavalkade.de\/blog\/sattel-kork-pferd\/\" data-type=\"link\" data-id=\"https:\/\/kavalkade.de\/blog\/sattel-kork-pferd\/\"><span style=\"text-decoration: underline;\">Korks\u00e4tteln<\/span><\/a> in unseren Blogbeitr\u00e4gen.<\/p>\n<\/div>\n<\/div>\n<\/div>\n\n\n\n<div style=\"height:100px\" aria-hidden=\"true\" class=\"wp-block-spacer\"><\/div>\n","protected":false},"excerpt":{"rendered":"<p>Spoga Innovation Award Der&nbsp;spoga horse TOP INNOVATIONS Award&nbsp;ist einer der wichtigsten Innovationspreise der internationalen Reitsportbranche. Ausgezeichnet werden&nbsp;neue, besonders innovative Produkte, die z. B. durch Funktionalit\u00e4t, &#8230;<\/p>\n","protected":false},"author":2,"featured_media":310,"parent":0,"menu_order":0,"comment_status":"closed","ping_status":"closed","template":"","meta":{"_acf_changed":false,"_seopress_robots_primary_cat":"","_seopress_titles_title":"Auszeichnungen bei Kavalkade","_seopress_titles_desc":"Worauf wir stolz sind und f\u00fcr welche innovativen Produkte wir ausgezeichnet wurden.","_seopress_robots_index":"","inline_featured_image":false,"footnotes":""},"class_list":["post-270","page","type-page","status-publish","has-post-thumbnail","hentry"],"acf":[],"_links":{"self":[{"href":"https:\/\/kavalkade.de\/blog\/wp-json\/wp\/v2\/pages\/270","targetHints":{"allow":["GET"]}}],"collection":[{"href":"https:\/\/kavalkade.de\/blog\/wp-json\/wp\/v2\/pages"}],"about":[{"href":"https:\/\/kavalkade.de\/blog\/wp-json\/wp\/v2\/types\/page"}],"author":[{"embeddable":true,"href":"https:\/\/kavalkade.de\/blog\/wp-json\/wp\/v2\/users\/2"}],"replies":[{"embeddable":true,"href":"https:\/\/kavalkade.de\/blog\/wp-json\/wp\/v2\/comments?post=270"}],"version-history":[{"count":13,"href":"https:\/\/kavalkade.de\/blog\/wp-json\/wp\/v2\/pages\/270\/revisions"}],"predecessor-version":[{"id":4621,"href":"https:\/\/kavalkade.de\/blog\/wp-json\/wp\/v2\/pages\/270\/revisions\/4621"}],"wp:featuredmedia":[{"embeddable":true,"href":"https:\/\/kavalkade.de\/blog\/wp-json\/wp\/v2\/media\/310"}],"wp:attachment":[{"href":"https:\/\/kavalkade.de\/blog\/wp-json\/wp\/v2\/media?parent=270"}],"curies":[{"name":"wp","href":"https:\/\/api.w.org\/{rel}","templated":true}]}}